{"id":16,"date":"2024-03-26T08:57:48","date_gmt":"2024-03-26T12:57:48","guid":{"rendered":"https:\/\/payments.carleton.ca\/capdhhe2024\/?page_id=16"},"modified":"2024-04-09T09:41:58","modified_gmt":"2024-04-09T13:41:58","slug":"refund","status":"publish","type":"page","link":"https:\/\/payments.carleton.ca\/capdhhe2024\/refund\/","title":{"rendered":"Refund policy | politique de remboursement"},"content":{"rendered":"\n<section class=\"w-screen px-6 cu-section cu-section--white ml-offset-center md:px-8 lg:px-14\">\n    <div class=\"space-y-6 cu-max-w-child-5xl  md:space-y-10 cu-prose-first-last\">\n\n            <div class=\"cu-textmedia flex flex-col lg:flex-row mx-auto gap-6 md:gap-10 my-6 md:my-12 first:mt-0 max-w-5xl\">\n        <div class=\"justify-start cu-textmedia-content cu-prose-first-last\" style=\"flex: 0 0 100%;\">\n            <header class=\"font-light prose-xl cu-pageheader md:prose-2xl cu-component-updated cu-prose-first-last\">\n                                    <h1 class=\"cu-prose-first-last font-semibold !mt-2 mb-4 md:mb-6 relative after:absolute after:h-px after:bottom-0 after:bg-cu-red after:left-px text-3xl md:text-4xl lg:text-5xl lg:leading-[3.5rem] pb-5 after:w-10 text-cu-black-700 not-prose\">\n                        Refund policy | politique de remboursement\n                    <\/h1>\n                \n                                \n                            <\/header>\n\n                    <\/div>\n\n            <\/div>\n\n    <\/div>\n<\/section>\n\n\n\n<p>Refunds are issued for cancellations which are made by April 30th, 2024. A full reimbursement (100%) will be issued. Refunds must be requested in writing by e-mail (capdhhe2024@carleton.ca). All refund requests must be made by the attendee or credit card holder.<\/p>\n\n\n\n<p>Refund requests must include the name of the credit card holder, attendee\/customer and transaction number. Please do not include your credit card number in any refund requests. Refunds will be credited back to the original credit card used for payment. Please allow 28 days for processing.<\/p>\n\n\n\n<p>Carleton University reserves the right to cancel events at its sole discretion. Carleton University will process refunds for cancelled events within 28 days. Carleton University is not responsible for the timeframe within which the payment card issuing bank refunds the money to your card.<\/p>\n\n\n\n<p>==<\/p>\n\n\n\n<p>Des remboursements sont \u00e9mis pour les annulations effectu\u00e9es avant le 30 avril 2024. Un remboursement int\u00e9gral (100 %) sera effectu\u00e9.<\/p>\n\n\n\n<p>Les remboursements doivent \u00eatre demand\u00e9s par \u00e9crit par courriel (capdhhe2024@carleton.ca). Toutes les demandes de remboursement doivent \u00eatre faites par le participant ou le titulaire de la carte de cr\u00e9dit.<\/p>\n\n\n\n<p>Les demandes de remboursement doivent inclure le nom du titulaire de la carte de cr\u00e9dit, le participant\/client et le num\u00e9ro de transaction. Veuillez ne pas inclure votre num\u00e9ro de carte de cr\u00e9dit dans toute demande de remboursement. Les remboursements seront cr\u00e9dit\u00e9s sur la carte de cr\u00e9dit originale utilis\u00e9e pour le paiement. Veuillez pr\u00e9voir 28 jours pour le traitement.<\/p>\n\n\n\n<p>L\u2019Universit\u00e9 Carleton se r\u00e9serve le droit d\u2019annuler des \u00e9v\u00e9nements \u00e0 sa seule discr\u00e9tion. L\u2019Universit\u00e9 Carleton traitera les remboursements pour les \u00e9v\u00e9nements annul\u00e9s dans un d\u00e9lai de 28 jours. L\u2019Universit\u00e9 Carleton n\u2019est pas responsable du d\u00e9lai dans lequel la banque \u00e9mettrice de la carte de paiement rembourse l\u2019argent sur votre carte.<\/p>\n","protected":false},"excerpt":{"rendered":"<p>Refunds are issued for cancellations which are made by April 30th, 2024. A full reimbursement (100%) will be issued. Refunds must be requested in writing by e-mail (capdhhe2024@carleton.ca). All refund requests must be made by the attendee or credit card holder. Refund requests must include the name of the credit card holder, attendee\/customer and transaction [&hellip;]<\/p>\n","protected":false},"author":5,"featured_media":0,"parent":0,"menu_order":0,"comment_status":"closed","ping_status":"closed","template":"","meta":{"_acf_changed":false,"_cu_dining_location_slug":"","footnotes":"","_links_to":"","_links_to_target":""},"cu_page_type":[13],"class_list":["post-16","page","type-page","status-publish","hentry","cu_page_type-general"],"acf":{"cu_post_thumbnail":false},"yoast_head":"<!-- This site is optimized with the Yoast SEO plugin v27.2 - https:\/\/yoast.com\/product\/yoast-seo-wordpress\/ -->\n<title>Refund policy | politique de remboursement - CAPDHHE 2024<\/title>\n<meta name=\"robots\" content=\"index, follow, max-snippet:-1, max-image-preview:large, max-video-preview:-1\" \/>\n<link rel=\"canonical\" href=\"https:\/\/payments.carleton.ca\/capdhhe2024\/refund\/\" \/>\n<meta property=\"og:locale\" content=\"en_US\" \/>\n<meta property=\"og:type\" content=\"article\" \/>\n<meta property=\"og:title\" content=\"Refund policy | politique de remboursement - CAPDHHE 2024\" \/>\n<meta property=\"og:description\" content=\"Refunds are issued for cancellations which are made by April 30th, 2024. A full reimbursement (100%) will be issued. Refunds must be requested in writing by e-mail (capdhhe2024@carleton.ca). All refund requests must be made by the attendee or credit card holder. Refund requests must include the name of the credit card holder, attendee\/customer and transaction [&hellip;]\" \/>\n<meta property=\"og:url\" content=\"https:\/\/payments.carleton.ca\/capdhhe2024\/refund\/\" \/>\n<meta property=\"og:site_name\" content=\"CAPDHHE 2024\" \/>\n<meta property=\"article:modified_time\" content=\"2024-04-09T13:41:58+00:00\" \/>\n<meta name=\"twitter:card\" content=\"summary_large_image\" \/>\n<meta name=\"twitter:label1\" content=\"Est. reading time\" \/>\n\t<meta name=\"twitter:data1\" content=\"2 minutes\" \/>\n<script type=\"application\/ld+json\" class=\"yoast-schema-graph\">{\"@context\":\"https:\/\/schema.org\",\"@graph\":[{\"@type\":\"WebPage\",\"@id\":\"https:\/\/payments.carleton.ca\/capdhhe2024\/refund\/\",\"url\":\"https:\/\/payments.carleton.ca\/capdhhe2024\/refund\/\",\"name\":\"Refund policy | politique de remboursement - CAPDHHE 2024\",\"isPartOf\":{\"@id\":\"https:\/\/payments.carleton.ca\/capdhhe2024\/#website\"},\"datePublished\":\"2024-03-26T12:57:48+00:00\",\"dateModified\":\"2024-04-09T13:41:58+00:00\",\"breadcrumb\":{\"@id\":\"https:\/\/payments.carleton.ca\/capdhhe2024\/refund\/#breadcrumb\"},\"inLanguage\":\"en-US\",\"potentialAction\":[{\"@type\":\"ReadAction\",\"target\":[\"https:\/\/payments.carleton.ca\/capdhhe2024\/refund\/\"]}]},{\"@type\":\"BreadcrumbList\",\"@id\":\"https:\/\/payments.carleton.ca\/capdhhe2024\/refund\/#breadcrumb\",\"itemListElement\":[{\"@type\":\"ListItem\",\"position\":1,\"name\":\"Home\",\"item\":\"https:\/\/payments.carleton.ca\/capdhhe2024\/\"},{\"@type\":\"ListItem\",\"position\":2,\"name\":\"Refund policy | politique de remboursement\"}]},{\"@type\":\"WebSite\",\"@id\":\"https:\/\/payments.carleton.ca\/capdhhe2024\/#website\",\"url\":\"https:\/\/payments.carleton.ca\/capdhhe2024\/\",\"name\":\"CAPDHHE 2024\",\"description\":\"Carleton University\",\"potentialAction\":[{\"@type\":\"SearchAction\",\"target\":{\"@type\":\"EntryPoint\",\"urlTemplate\":\"https:\/\/payments.carleton.ca\/capdhhe2024\/?s={search_term_string}\"},\"query-input\":{\"@type\":\"PropertyValueSpecification\",\"valueRequired\":true,\"valueName\":\"search_term_string\"}}],\"inLanguage\":\"en-US\"}]}<\/script>\n<!-- \/ Yoast SEO plugin. -->","yoast_head_json":{"title":"Refund policy | politique de remboursement - CAPDHHE 2024","robots":{"index":"index","follow":"follow","max-snippet":"max-snippet:-1","max-image-preview":"max-image-preview:large","max-video-preview":"max-video-preview:-1"},"canonical":"https:\/\/payments.carleton.ca\/capdhhe2024\/refund\/","og_locale":"en_US","og_type":"article","og_title":"Refund policy | politique de remboursement - CAPDHHE 2024","og_description":"Refunds are issued for cancellations which are made by April 30th, 2024. A full reimbursement (100%) will be issued. Refunds must be requested in writing by e-mail (capdhhe2024@carleton.ca). All refund requests must be made by the attendee or credit card holder. Refund requests must include the name of the credit card holder, attendee\/customer and transaction [&hellip;]","og_url":"https:\/\/payments.carleton.ca\/capdhhe2024\/refund\/","og_site_name":"CAPDHHE 2024","article_modified_time":"2024-04-09T13:41:58+00:00","twitter_card":"summary_large_image","twitter_misc":{"Est. reading time":"2 minutes"},"schema":{"@context":"https:\/\/schema.org","@graph":[{"@type":"WebPage","@id":"https:\/\/payments.carleton.ca\/capdhhe2024\/refund\/","url":"https:\/\/payments.carleton.ca\/capdhhe2024\/refund\/","name":"Refund policy | politique de remboursement - CAPDHHE 2024","isPartOf":{"@id":"https:\/\/payments.carleton.ca\/capdhhe2024\/#website"},"datePublished":"2024-03-26T12:57:48+00:00","dateModified":"2024-04-09T13:41:58+00:00","breadcrumb":{"@id":"https:\/\/payments.carleton.ca\/capdhhe2024\/refund\/#breadcrumb"},"inLanguage":"en-US","potentialAction":[{"@type":"ReadAction","target":["https:\/\/payments.carleton.ca\/capdhhe2024\/refund\/"]}]},{"@type":"BreadcrumbList","@id":"https:\/\/payments.carleton.ca\/capdhhe2024\/refund\/#breadcrumb","itemListElement":[{"@type":"ListItem","position":1,"name":"Home","item":"https:\/\/payments.carleton.ca\/capdhhe2024\/"},{"@type":"ListItem","position":2,"name":"Refund policy | politique de remboursement"}]},{"@type":"WebSite","@id":"https:\/\/payments.carleton.ca\/capdhhe2024\/#website","url":"https:\/\/payments.carleton.ca\/capdhhe2024\/","name":"CAPDHHE 2024","description":"Carleton University","potentialAction":[{"@type":"SearchAction","target":{"@type":"EntryPoint","urlTemplate":"https:\/\/payments.carleton.ca\/capdhhe2024\/?s={search_term_string}"},"query-input":{"@type":"PropertyValueSpecification","valueRequired":true,"valueName":"search_term_string"}}],"inLanguage":"en-US"}]}},"_links":{"self":[{"href":"https:\/\/payments.carleton.ca\/capdhhe2024\/wp-json\/wp\/v2\/pages\/16","targetHints":{"allow":["GET"]}}],"collection":[{"href":"https:\/\/payments.carleton.ca\/capdhhe2024\/wp-json\/wp\/v2\/pages"}],"about":[{"href":"https:\/\/payments.carleton.ca\/capdhhe2024\/wp-json\/wp\/v2\/types\/page"}],"author":[{"embeddable":true,"href":"https:\/\/payments.carleton.ca\/capdhhe2024\/wp-json\/wp\/v2\/users\/5"}],"replies":[{"embeddable":true,"href":"https:\/\/payments.carleton.ca\/capdhhe2024\/wp-json\/wp\/v2\/comments?post=16"}],"version-history":[{"count":2,"href":"https:\/\/payments.carleton.ca\/capdhhe2024\/wp-json\/wp\/v2\/pages\/16\/revisions"}],"predecessor-version":[{"id":24,"href":"https:\/\/payments.carleton.ca\/capdhhe2024\/wp-json\/wp\/v2\/pages\/16\/revisions\/24"}],"wp:attachment":[{"href":"https:\/\/payments.carleton.ca\/capdhhe2024\/wp-json\/wp\/v2\/media?parent=16"}],"wp:term":[{"taxonomy":"cu_page_type","embeddable":true,"href":"https:\/\/payments.carleton.ca\/capdhhe2024\/wp-json\/wp\/v2\/cu_page_type?post=16"}],"curies":[{"name":"wp","href":"https:\/\/api.w.org\/{rel}","templated":true}]}}